{"id":2,"date":"2019-10-03T10:06:34","date_gmt":"2019-10-03T10:06:34","guid":{"rendered":"http:\/\/plantilla-estudiant-es.folio.uoc.edu\/?page_id=2"},"modified":"2022-11-22T15:58:53","modified_gmt":"2022-11-22T14:58:53","slug":"sample-page","status":"publish","type":"page","link":"https:\/\/bfernandezfern.folio.uoc.edu\/?page_id=2","title":{"rendered":"\u00bfQui\u00e9n soy?"},"content":{"rendered":"<div class=\"uoc_portafolis_tools row_uoc_portafolis_tools\">    <div class=\"column-uoc_portafolis_tools\">        <div class=\"subtitle_portafolis_uoc_access_in_content\"><span class=\"subtitle_portafolis_uoc_access_title\"> <img src=\"https:\/\/bfernandezfern.folio.uoc.edu\/wp-content\/plugins\/portafolis-uoc-access\/img\/visibility.png\" title=\"Visibilidad:\"><\/span> <!--img src=\"https:\/\/bfernandezfern.folio.uoc.edu\/wp-content\/plugins\/portafolis-uoc-access\/img\/world.png\" title=\"Todo el mundo podr\u00e1 ver esta entrada, forme parte o no de la UOC.\"--> P\u00fablica        <\/div>    <\/div><div class=\"uoc_portafolis_clear\"><\/div><\/div><div>\u00a0<\/div>\r\n\r\n<p>\u00a1Hola!<\/p>\r\n<p>Soy<span style=\"font-family: var(--global-body-font-family)\"> Borja Fern\u00e1ndez tengo 27 a\u00f1os y actualmente estoy cursando Administraci\u00f3n de Empresa.\u00a0<\/span><\/p>\r\n<p>&nbsp;<\/p>\r\n<p>&nbsp;<\/p>\r\n<div class=\"uoc_portafolis_tools row_uoc_portafolis_tools uoc_portafolis_tools_foot\"><\/div>","protected":false},"excerpt":{"rendered":"<div class=\"uoc_portafolis_tools row_uoc_portafolis_tools\">\n<div class=\"column-uoc_portafolis_tools\">\n<div class=\"subtitle_portafolis_uoc_access_in_content\"><span class=\"subtitle_portafolis_uoc_access_title\"> <\/span>  P\u00fablica        <\/div>\n<\/p><\/div>\n<div class=\"uoc_portafolis_clear\"><\/div>\n<\/div>\n<div>\u00a0<\/div>\n<p>\u00a1Hola!<br \/>\nSoy<span style=\"font-family: var(--global-body-font-family)\"> Borja Fern\u00e1ndez tengo 27 a\u00f1os y actualmente estoy cursando Administraci\u00f3n de Empresa.\u00a0<\/span><br \/>\n&nbsp;<br \/>\n&nbsp;<\/p>\n<div class=\"uoc_portafolis_tools row_uoc_portafolis_tools uoc_portafolis_tools_foot\"><\/div>\n<p> &hellip; <a href=\"https:\/\/bfernandezfern.folio.uoc.edu\/?page_id=2\" class=\"more-link\">Sigue leyendo <span class=\"screen-reader-text\">\u00bfQui\u00e9n soy?<\/span><\/a><\/p>\n","protected":false},"author":52,"featured_media":109,"parent":0,"menu_order":0,"comment_status":"closed","ping_status":"closed","template":"","meta":{"inline_featured_image":false,"footnotes":""},"class_list":["post-2","page","type-page","status-publish","has-post-thumbnail","hentry"],"_links":{"self":[{"href":"https:\/\/bfernandezfern.folio.uoc.edu\/index.php?rest_route=\/wp\/v2\/pages\/2","targetHints":{"allow":["GET"]}}],"collection":[{"href":"https:\/\/bfernandezfern.folio.uoc.edu\/index.php?rest_route=\/wp\/v2\/pages"}],"about":[{"href":"https:\/\/bfernandezfern.folio.uoc.edu\/index.php?rest_route=\/wp\/v2\/types\/page"}],"author":[{"embeddable":true,"href":"https:\/\/bfernandezfern.folio.uoc.edu\/index.php?rest_route=\/wp\/v2\/users\/52"}],"replies":[{"embeddable":true,"href":"https:\/\/bfernandezfern.folio.uoc.edu\/index.php?rest_route=%2Fwp%2Fv2%2Fcomments&post=2"}],"version-history":[{"count":0,"href":"https:\/\/bfernandezfern.folio.uoc.edu\/index.php?rest_route=\/wp\/v2\/pages\/2\/revisions"}],"wp:featuredmedia":[{"embeddable":true,"href":"https:\/\/bfernandezfern.folio.uoc.edu\/index.php?rest_route=\/wp\/v2\/media\/109"}],"wp:attachment":[{"href":"https:\/\/bfernandezfern.folio.uoc.edu\/index.php?rest_route=%2Fwp%2Fv2%2Fmedia&parent=2"}],"curies":[{"name":"wp","href":"https:\/\/api.w.org\/{rel}","templated":true}]}}